{"id":5143,"date":"2024-07-28T16:08:01","date_gmt":"2024-07-28T14:08:01","guid":{"rendered":"https:\/\/www.casadeljazz.com\/organizza-da-noi\/"},"modified":"2024-09-16T16:27:16","modified_gmt":"2024-09-16T14:27:16","slug":"organize-with-us","status":"publish","type":"page","link":"https:\/\/www.casadeljazz.com\/en\/organize-with-us\/","title":{"rendered":"Organize with us"},"content":{"rendered":"<p class=\"lead\"><strong>Sai gi\u00e0 cosa ti serve? Inviaci una richiesta con le specifiche e ti ricontatteremo al pi\u00f9 presto.<\/strong><\/p>\n<p>Casa del Jazz gestita da Fondazione Musica per Roma \u00e8 un bene confiscato alla mafia. Sede di concerti jazz, ha ospitato in questi primi 15 anni di attivit\u00e0 i pi\u00f9 grandi musicisti italiani e internazionali di jazz.<\/p>\n<p>&nbsp;<\/p>\n<div id='gallery-1' class='gallery-article galleryid-5143 gallery-columns-2 gallery-size-full'><figure class='gallery-item'>\n\t\t<div class='gallery-icon landscape'>\n\t\t\t<a data-fslightbox='gallery' data-caption='' href='https:\/\/www.casadeljazz.com\/wp-content\/uploads\/2024\/07\/villa-osio-4-99ff5f50.webp' data-title=''><div class='ratio ratio-16x9'><img loading=\"lazy\" decoding=\"async\" width=\"2200\" height=\"1467\" src=\"https:\/\/www.casadeljazz.com\/wp-content\/uploads\/2024\/07\/villa-osio-4-99ff5f50.webp\" class=\"attachment-full size-full\" alt=\"\" srcset=\"https:\/\/www.casadeljazz.com\/wp-content\/uploads\/2024\/07\/villa-osio-4-99ff5f50.webp 2200w, https:\/\/www.casadeljazz.com\/wp-content\/uploads\/2024\/07\/villa-osio-4-99ff5f50-300x200.webp 300w, https:\/\/www.casadeljazz.com\/wp-content\/uploads\/2024\/07\/villa-osio-4-99ff5f50-1024x683.webp 1024w, https:\/\/www.casadeljazz.com\/wp-content\/uploads\/2024\/07\/villa-osio-4-99ff5f50-768x512.webp 768w, https:\/\/www.casadeljazz.com\/wp-content\/uploads\/2024\/07\/villa-osio-4-99ff5f50-1536x1024.webp 1536w, https:\/\/www.casadeljazz.com\/wp-content\/uploads\/2024\/07\/villa-osio-4-99ff5f50-2048x1366.webp 2048w\" sizes=\"auto, (max-width: 2200px) 100vw, 2200px\" \/><\/div><\/a>\n\t\t<\/div><\/figure><figure class='gallery-item'>\n\t\t<div class='gallery-icon landscape'>\n\t\t\t<a data-fslightbox='gallery' data-caption='Roma, Casa del Jazz 29 04 2018 \rLa Casa del Jazz festeggia il suo compleanno con l'Orchestra Nazionale Jazz Giovani Talenti!\r\u00a9Fondazione Musica per Roma \/ foto Musacchio &amp; Ianniello' href='https:\/\/www.casadeljazz.com\/wp-content\/uploads\/2024\/07\/Casa_jazz019-scaled-1-jpg.webp' data-title='Roma, Casa del Jazz 29 04 2018 \rLa Casa del Jazz festeggia il suo compleanno con l&#8217;Orchestra Nazionale Jazz Giovani Talenti!\r\u00a9Fondazione Musica per Roma \/ foto Musacchio &amp; Ianniello'><div class='ratio ratio-16x9'><img loading=\"lazy\" decoding=\"async\" width=\"2560\" height=\"1707\" src=\"https:\/\/www.casadeljazz.com\/wp-content\/uploads\/2024\/07\/Casa_jazz019-scaled-1-jpg.webp\" class=\"attachment-full size-full\" alt=\"\" aria-describedby=\"gallery-1-292\" \/><\/div><\/a>\n\t\t<\/div>\n\t\t\t<figcaption class='wp-caption-text gallery-caption' id='gallery-1-292'>\n\t\t\tRoma, Casa del Jazz 29 04 2018 \rLa Casa del Jazz festeggia il suo compleanno con l&#8217;Orchestra Nazionale Jazz Giovani Talenti!\r\u00a9Fondazione Musica per Roma \/ foto Musacchio &amp; Ianniello\n\t\t\t<\/figcaption><\/figure><figure class='gallery-item'>\n\t\t<div class='gallery-icon landscape'>\n\t\t\t<a data-fslightbox='gallery' data-caption='' href='https:\/\/www.casadeljazz.com\/wp-content\/uploads\/2024\/07\/villa-osio-363e5867.webp' data-title=''><div class='ratio ratio-16x9'><img loading=\"lazy\" decoding=\"async\" width=\"2500\" height=\"1666\" src=\"https:\/\/www.casadeljazz.com\/wp-content\/uploads\/2024\/07\/villa-osio-363e5867.webp\" class=\"attachment-full size-full\" alt=\"\" srcset=\"https:\/\/www.casadeljazz.com\/wp-content\/uploads\/2024\/07\/villa-osio-363e5867.webp 2500w, https:\/\/www.casadeljazz.com\/wp-content\/uploads\/2024\/07\/villa-osio-363e5867-300x200.webp 300w, https:\/\/www.casadeljazz.com\/wp-content\/uploads\/2024\/07\/villa-osio-363e5867-1024x682.webp 1024w, https:\/\/www.casadeljazz.com\/wp-content\/uploads\/2024\/07\/villa-osio-363e5867-768x512.webp 768w, https:\/\/www.casadeljazz.com\/wp-content\/uploads\/2024\/07\/villa-osio-363e5867-1536x1024.webp 1536w, https:\/\/www.casadeljazz.com\/wp-content\/uploads\/2024\/07\/villa-osio-363e5867-2048x1365.webp 2048w\" sizes=\"auto, (max-width: 2500px) 100vw, 2500px\" \/><\/div><\/a>\n\t\t<\/div><\/figure><figure class='gallery-item'>\n\t\t<div class='gallery-icon landscape'>\n\t\t\t<a data-fslightbox='gallery' data-caption='' href='https:\/\/www.casadeljazz.com\/wp-content\/uploads\/2024\/07\/villa-osio-parco-7bad29a2.webp' data-title=''><div class='ratio ratio-16x9'><img loading=\"lazy\" decoding=\"async\" width=\"2200\" height=\"1467\" src=\"https:\/\/www.casadeljazz.com\/wp-content\/uploads\/2024\/07\/villa-osio-parco-7bad29a2.webp\" class=\"attachment-full size-full\" alt=\"\" srcset=\"https:\/\/www.casadeljazz.com\/wp-content\/uploads\/2024\/07\/villa-osio-parco-7bad29a2.webp 2200w, https:\/\/www.casadeljazz.com\/wp-content\/uploads\/2024\/07\/villa-osio-parco-7bad29a2-300x200.webp 300w, https:\/\/www.casadeljazz.com\/wp-content\/uploads\/2024\/07\/villa-osio-parco-7bad29a2-1024x683.webp 1024w, https:\/\/www.casadeljazz.com\/wp-content\/uploads\/2024\/07\/villa-osio-parco-7bad29a2-768x512.webp 768w, https:\/\/www.casadeljazz.com\/wp-content\/uploads\/2024\/07\/villa-osio-parco-7bad29a2-1536x1024.webp 1536w, https:\/\/www.casadeljazz.com\/wp-content\/uploads\/2024\/07\/villa-osio-parco-7bad29a2-2048x1366.webp 2048w\" sizes=\"auto, (max-width: 2200px) 100vw, 2200px\" \/><\/div><\/a>\n\t\t<\/div><\/figure>\n\t<\/div>\n\n<p>&nbsp;<\/p>\n<div class=\"uk-width-2-3@m uk-first-column\">\n<h3><\/h3>\n<h3 class=\"uk-h5\">Organizza i tuoi eventi a Casa del Jazz<\/h3>\n<div class=\"uk-panel uk-margin\">\n<p>Villa Osio \u00e8 distribuita su una superficie di 2.500 mq e circondata da un parco di 25.240 mq di estensione, di grande valore naturalistico in cui vengono organizzati concerti di artisti italiani e internazionali. La struttura principale della Casa del Jazz ospita al suo interno un Auditorium di circa 150 posti progettato all\u2019insegna della multifunzionalit\u00e0 in cui possibile ospitare concerti, convegni e conferenze, riunioni o presentazioni aziendali, proiezioni, cene private e cocktails, workshop, concerti, showcase, shooting e riprese cinematografiche. La disponibilit\u00e0 di tutti gli spazi \u00e8 condizionata alla programmazione culturale.<\/p>\n<p>Per avere maggiori informazioni sugli spazi e ricevere un preventivo di spesa scrivere a\u00a0<a href=\"mailto:commerciale@musicaperroma.it\">commerciale@musicaperroma.it<\/a><\/p>\n<\/div>\n<\/div>\n<p>&nbsp;<\/p>\n<h3>Vorresti organizzare da noi o affittare una sala?<\/h3>\n\n<div class=\"wpcf7 no-js\" id=\"wpcf7-f381-o1\" lang=\"it-IT\" dir=\"ltr\">\n<div class=\"screen-reader-response\"><p role=\"status\" aria-live=\"polite\" aria-atomic=\"true\"><\/p> <ul><\/ul><\/div>\n<form action=\"\/en\/wp-json\/wp\/v2\/pages\/5143#wpcf7-f381-o1\" method=\"post\" class=\"wpcf7-form init\" aria-label=\"Modulo di contatto\" novalidate=\"novalidate\" data-status=\"init\">\n<div style=\"display: none;\">\n<input type=\"hidden\" name=\"_wpcf7\" value=\"381\" \/>\n<input type=\"hidden\" name=\"_wpcf7_version\" value=\"5.9.8\" \/>\n<input type=\"hidden\" name=\"_wpcf7_locale\" value=\"it_IT\" \/>\n<input type=\"hidden\" name=\"_wpcf7_unit_tag\" value=\"wpcf7-f381-o1\" \/>\n<input type=\"hidden\" name=\"_wpcf7_container_post\" value=\"0\" \/>\n<input type=\"hidden\" name=\"_wpcf7_posted_data_hash\" value=\"\" \/>\n<\/div>\n<div class=\"riga-form\">\n\t<div class=\"campo-sx\">\n\t\t<p><span class=\"wpcf7-form-control-wrap\" data-name=\"nome\"><input size=\"40\" maxlength=\"400\" class=\"wpcf7-form-control wpcf7-text wpcf7-validates-as-required\" autocomplete=\"name\" aria-required=\"true\" aria-invalid=\"false\" placeholder=\"Nome\" value=\"\" type=\"text\" name=\"nome\" \/><\/span>\n\t\t<\/p>\n\t<\/div>\n\t<div class=\"campo-dx\">\n\t\t<p><span class=\"wpcf7-form-control-wrap\" data-name=\"cognome\"><input size=\"40\" maxlength=\"400\" class=\"wpcf7-form-control wpcf7-text wpcf7-validates-as-required\" autocomplete=\"email\" aria-required=\"true\" aria-invalid=\"false\" placeholder=\"Cognome\" value=\"\" type=\"text\" name=\"cognome\" \/><\/span>\n\t\t<\/p>\n\t<\/div>\n\t<p><span id=\"website\" class=\"wpcf7-form-control-wrap sito-web-wrap\" ><input type=\"hidden\" name=\"sito-web-time-start\" value=\"1775389369\"><input type=\"hidden\" name=\"sito-web-time-check\" value=\"7\"><label for=\"website\" class=\"hp-message\">Si prega di lasciare vuoto questo campo.<\/label><input id=\"website\"  placeholder=\"Sito web\"  class=\"wpcf7-form-control wpcf7-text website\" type=\"text\" name=\"sito-web\" value=\"\" size=\"40\" tabindex=\"-1\" autocomplete=\"off\" \/><\/span>\n\t<\/p>\n<\/div>\n<div class=\"riga-form\">\n\t<div class=\"campo-sx\">\n\t\t<p><span class=\"wpcf7-form-control-wrap\" data-name=\"email\"><input size=\"40\" maxlength=\"400\" class=\"wpcf7-form-control wpcf7-email wpcf7-validates-as-required wpcf7-text wpcf7-validates-as-email\" aria-required=\"true\" aria-invalid=\"false\" placeholder=\"Email\" value=\"\" type=\"email\" name=\"email\" \/><\/span>\n\t\t<\/p>\n\t<\/div>\n\t<div class=\"campo-dx\">\n\t\t<p><span class=\"wpcf7-form-control-wrap\" data-name=\"telefono\"><input size=\"40\" maxlength=\"400\" class=\"wpcf7-form-control wpcf7-text\" aria-invalid=\"false\" placeholder=\"Telefono\" value=\"\" type=\"text\" name=\"telefono\" \/><\/span>\n\t\t<\/p>\n\t<\/div>\n<\/div>\n<div class=\"riga-form\">\n\t<div class=\"campo-sx\">\n\t\t<p><span class=\"wpcf7-form-control-wrap\" data-name=\"azienda\"><input size=\"40\" maxlength=\"400\" class=\"wpcf7-form-control wpcf7-text\" aria-invalid=\"false\" placeholder=\"Azienda\" value=\"\" type=\"text\" name=\"azienda\" \/><\/span>\n\t\t<\/p>\n\t<\/div>\n\t<div class=\"campo-dx\">\n\t\t<p><span class=\"wpcf7-form-control-wrap\" data-name=\"sala\"><select class=\"wpcf7-form-control wpcf7-select\" aria-invalid=\"false\" name=\"sala\"><option value=\"\">Seleziona una sala<\/option><option value=\"Sala concerti\">Sala concerti<\/option><option value=\"Studi di registrazione\">Studi di registrazione<\/option><\/select><\/span>\n\t\t<\/p>\n\t<\/div>\n<\/div>\n<div class=\"riga-form\">\n\t<div class=\"campo-largo\">\n\t\t<p><span class=\"wpcf7-form-control-wrap\" data-name=\"messaggio\"><textarea cols=\"40\" rows=\"10\" maxlength=\"2000\" class=\"wpcf7-form-control wpcf7-textarea\" aria-invalid=\"false\" placeholder=\"Messaggio\" name=\"messaggio\"><\/textarea><\/span>\n\t\t<\/p>\n\t<\/div>\n<\/div>\n<div class=\"riga-form\">\n\t<div class=\"campo-sx-privacy\">\n\t\t<p><span class=\"wpcf7-form-control-wrap\" data-name=\"privacy\"><span class=\"wpcf7-form-control wpcf7-acceptance\"><span class=\"wpcf7-list-item\"><input type=\"checkbox\" name=\"privacy\" value=\"1\" aria-invalid=\"false\" \/><\/span><\/span><\/span> Accetto l'<a href=\"\/policy-privacy\/\">Informativa sulla Privacy<\/a>\n\t\t<\/p>\n\t<\/div>\n\t<div class=\"campo-dx-pulsante\">\n\t\t<p><input class=\"wpcf7-form-control wpcf7-submit has-spinner btn btn-secondary\" type=\"submit\" value=\"Invia Richiesta\" \/>\n\t\t<\/p>\n\t<\/div>\n<\/div><div class=\"wpcf7-response-output\" aria-hidden=\"true\"><\/div>\n<\/form>\n<\/div>\n\n","protected":false},"excerpt":{"rendered":"<p>Sai gi\u00e0 cosa ti serve? Inviaci una richiesta con le specifiche e ti ricontatteremo al pi\u00f9 presto. Casa del Jazz gestita da Fondazione Musica per Roma \u00e8 un bene confiscato alla mafia. Sede di concerti jazz, ha ospitato in questi primi 15 anni di attivit\u00e0 i pi\u00f9 grandi musicisti italiani e internazionali di jazz. &nbsp;<a class=\"excerpt-read-more\" href=\"https:\/\/www.casadeljazz.com\/en\/organize-with-us\/\" title=\"ReadOrganize with us\">&#8230; Read more &raquo;<\/a><\/p>\n","protected":false},"author":1,"featured_media":0,"parent":0,"menu_order":0,"comment_status":"closed","ping_status":"closed","template":"","meta":{"_acf_changed":false,"footnotes":""},"class_list":["post-5143","page","type-page","status-publish","hentry"],"acf":[],"_links":{"self":[{"href":"https:\/\/www.casadeljazz.com\/en\/wp-json\/wp\/v2\/pages\/5143","targetHints":{"allow":["GET"]}}],"collection":[{"href":"https:\/\/www.casadeljazz.com\/en\/wp-json\/wp\/v2\/pages"}],"about":[{"href":"https:\/\/www.casadeljazz.com\/en\/wp-json\/wp\/v2\/types\/page"}],"author":[{"embeddable":true,"href":"https:\/\/www.casadeljazz.com\/en\/wp-json\/wp\/v2\/users\/1"}],"replies":[{"embeddable":true,"href":"https:\/\/www.casadeljazz.com\/en\/wp-json\/wp\/v2\/comments?post=5143"}],"version-history":[{"count":1,"href":"https:\/\/www.casadeljazz.com\/en\/wp-json\/wp\/v2\/pages\/5143\/revisions"}],"predecessor-version":[{"id":5144,"href":"https:\/\/www.casadeljazz.com\/en\/wp-json\/wp\/v2\/pages\/5143\/revisions\/5144"}],"wp:attachment":[{"href":"https:\/\/www.casadeljazz.com\/en\/wp-json\/wp\/v2\/media?parent=5143"}],"curies":[{"name":"wp","href":"https:\/\/api.w.org\/{rel}","templated":true}]}}